{"id":39,"date":"2024-05-21T20:35:04","date_gmt":"2024-05-21T18:35:04","guid":{"rendered":"https:\/\/centrumorchidea.sk\/?page_id=39"},"modified":"2024-05-26T10:03:50","modified_gmt":"2024-05-26T08:03:50","slug":"o-nas","status":"publish","type":"page","link":"https:\/\/centrumorchidea.sk\/index.php\/o-nas\/","title":{"rendered":"O n\u00e1s"},"content":{"rendered":"\n<div align=\"justify\">\nSme neziskov\u00e1 organiz\u00e1cia, registrovan\u00e1 Krajsk\u00fdm \u00faradom od 24.3.2003 s poskytovan\u00edm v\u0161eobecne prospe\u0161n\u00fdch slu\u017eieb.\n<\/div>\n\n\n\n<p><\/p>\n\n\n\n<div align=\"justify\">\nNeziskov\u00e1 organiz\u00e1cia Orchidea n. o. vystupuje ako mimovl\u00e1dna, nez\u00e1visl\u00e1 organiz\u00e1cia, sleduj\u00faca v\u0161eobecno-prospe\u0161n\u00e9 ciele v r\u00e1mci zabezpe\u010dovania a poskytovania opatren\u00ed soci\u00e1lnopr\u00e1vnej ochrany det\u00ed a soci\u00e1lnej kurately v zmysle z\u00e1kona 305\/2005 Z.z. o soci\u00e1lnopr\u00e1vnej ochrane det\u00ed a soci\u00e1lnej kuratele a o zmene a doplnen\u00ed niektor\u00fdch z\u00e1konov v znen\u00ed neskor\u0161\u00edch predpisov. Organiz\u00e1cia nevytv\u00e1ra zisk a nie je platcom dane z pridanej hodnoty.\n<\/div>\n\n\n\n<p><\/p>\n\n\n\n<div align=\"justify\">\nCie\u013eom \u010dinnosti organiz\u00e1cie je i ochrana \u013eudsk\u00fdch pr\u00e1v a slob\u00f4d.\n<\/div>\n\n\n\n<p><\/p>\n\n\n\n<div align=\"justify\">\nZabezpe\u010dujeme Opatrenia soci\u00e1lnopr\u00e1vnej ochrany det\u00ed a soci\u00e1lnej kurately pobytovou a ambulantnou formou met\u00f3dami odbornej pr\u00e1ce.\n<\/div>\n","protected":false},"excerpt":{"rendered":"<p>Sme neziskov\u00e1 organiz\u00e1cia, registrovan\u00e1 Krajsk\u00fdm \u00faradom od 24.3.2003 s poskytovan\u00edm v\u0161eobecne prospe\u0161n\u00fdch slu\u017eieb. Neziskov\u00e1 organiz\u00e1cia Orchidea n. o. vystupuje ako mimovl\u00e1dna, nez\u00e1visl\u00e1 organiz\u00e1cia, sleduj\u00faca v\u0161eobecno-prospe\u0161n\u00e9 ciele v r\u00e1mci zabezpe\u010dovania a poskytovania opatren\u00ed soci\u00e1lnopr\u00e1vnej ochrany det\u00ed a soci\u00e1lnej kurately v zmysle z\u00e1kona 305\/2005 Z.z. o soci\u00e1lnopr\u00e1vnej ochrane det\u00ed a soci\u00e1lnej kuratele a o zmene a doplnen\u00ed niektor\u00fdch z\u00e1konov v znen\u00ed neskor\u0161\u00edch predpisov. Organiz\u00e1cia nevytv\u00e1ra zisk a nie je platcom dane z pridanej hodnoty. Cie\u013eom \u010dinnosti organiz\u00e1cie je i ochrana \u013eudsk\u00fdch pr\u00e1v a slob\u00f4d. Zabezpe\u010dujeme Opatrenia soci\u00e1lnopr\u00e1vnej ochrany det\u00ed a soci\u00e1lnej kurately pobytovou a ambulantnou formou met\u00f3dami odbornej pr\u00e1ce.<\/p>\n","protected":false},"author":1,"featured_media":0,"parent":0,"menu_order":0,"comment_status":"closed","ping_status":"closed","template":"","meta":{"_monsterinsights_skip_tracking":false,"_monsterinsights_sitenote_active":false,"_monsterinsights_sitenote_note":"","_monsterinsights_sitenote_category":0,"footnotes":""},"yoast_head":"<!-- This site is optimized with the Yoast SEO plugin v22.7 - https:\/\/yoast.com\/wordpress\/plugins\/seo\/ -->\n<title>O n\u00e1s - Orchidea n.o.<\/title>\n<meta name=\"robots\" content=\"index, follow, max-snippet:-1, max-image-preview:large, max-video-preview:-1\" \/>\n<link rel=\"canonical\" href=\"https:\/\/centrumorchidea.sk\/index.php\/o-nas\/\" \/>\n<meta property=\"og:locale\" content=\"sk_SK\" \/>\n<meta property=\"og:type\" content=\"article\" \/>\n<meta property=\"og:title\" content=\"O n\u00e1s - Orchidea n.o.\" \/>\n<meta property=\"og:description\" content=\"Sme neziskov\u00e1 organiz\u00e1cia, registrovan\u00e1 Krajsk\u00fdm \u00faradom od 24.3.2003 s poskytovan\u00edm v\u0161eobecne prospe\u0161n\u00fdch slu\u017eieb. Neziskov\u00e1 organiz\u00e1cia Orchidea n. o. vystupuje ako mimovl\u00e1dna, nez\u00e1visl\u00e1 organiz\u00e1cia, sleduj\u00faca v\u0161eobecno-prospe\u0161n\u00e9 ciele v r\u00e1mci zabezpe\u010dovania a poskytovania opatren\u00ed soci\u00e1lnopr\u00e1vnej ochrany det\u00ed a soci\u00e1lnej kurately v zmysle z\u00e1kona 305\/2005 Z.z. o soci\u00e1lnopr\u00e1vnej ochrane det\u00ed a soci\u00e1lnej kuratele a o zmene a doplnen\u00ed niektor\u00fdch z\u00e1konov v znen\u00ed neskor\u0161\u00edch predpisov. Organiz\u00e1cia nevytv\u00e1ra zisk a nie je platcom dane z pridanej hodnoty. Cie\u013eom \u010dinnosti organiz\u00e1cie je i ochrana \u013eudsk\u00fdch pr\u00e1v a slob\u00f4d. Zabezpe\u010dujeme Opatrenia soci\u00e1lnopr\u00e1vnej ochrany det\u00ed a soci\u00e1lnej kurately pobytovou a ambulantnou formou met\u00f3dami odbornej pr\u00e1ce.\" \/>\n<meta property=\"og:url\" content=\"https:\/\/centrumorchidea.sk\/index.php\/o-nas\/\" \/>\n<meta property=\"og:site_name\" content=\"Orchidea n.o.\" \/>\n<meta property=\"article:modified_time\" content=\"2024-05-26T08:03:50+00:00\" \/>\n<meta name=\"twitter:card\" content=\"summary_large_image\" \/>\n<meta name=\"twitter:label1\" content=\"Predpokladan\u00fd \u010das \u010d\u00edtania\" \/>\n\t<meta name=\"twitter:data1\" content=\"1 min\u00fata\" \/>\n<script type=\"application\/ld+json\" class=\"yoast-schema-graph\">{\"@context\":\"https:\/\/schema.org\",\"@graph\":[{\"@type\":\"WebPage\",\"@id\":\"https:\/\/centrumorchidea.sk\/index.php\/o-nas\/\",\"url\":\"https:\/\/centrumorchidea.sk\/index.php\/o-nas\/\",\"name\":\"O n\u00e1s - Orchidea n.o.\",\"isPartOf\":{\"@id\":\"https:\/\/centrumorchidea.sk\/#website\"},\"datePublished\":\"2024-05-21T18:35:04+00:00\",\"dateModified\":\"2024-05-26T08:03:50+00:00\",\"breadcrumb\":{\"@id\":\"https:\/\/centrumorchidea.sk\/index.php\/o-nas\/#breadcrumb\"},\"inLanguage\":\"sk-SK\",\"potentialAction\":[{\"@type\":\"ReadAction\",\"target\":[\"https:\/\/centrumorchidea.sk\/index.php\/o-nas\/\"]}]},{\"@type\":\"BreadcrumbList\",\"@id\":\"https:\/\/centrumorchidea.sk\/index.php\/o-nas\/#breadcrumb\",\"itemListElement\":[{\"@type\":\"ListItem\",\"position\":1,\"name\":\"Home\",\"item\":\"https:\/\/centrumorchidea.sk\/\"},{\"@type\":\"ListItem\",\"position\":2,\"name\":\"O n\u00e1s\"}]},{\"@type\":\"WebSite\",\"@id\":\"https:\/\/centrumorchidea.sk\/#website\",\"url\":\"https:\/\/centrumorchidea.sk\/\",\"name\":\"Orchidea n.o.\",\"description\":\"NA\u0160IM CIE\u013dOM JE FUNK\u010cN\u00c1 RODINA = SPOKOJN\u00c9 DIE\u0164A  A \u00daSPE\u0160N\u00dd \u010cLOVEK \",\"potentialAction\":[{\"@type\":\"SearchAction\",\"target\":{\"@type\":\"EntryPoint\",\"urlTemplate\":\"https:\/\/centrumorchidea.sk\/?s={search_term_string}\"},\"query-input\":\"required name=search_term_string\"}],\"inLanguage\":\"sk-SK\"}]}<\/script>\n<!-- \/ Yoast SEO plugin. -->","yoast_head_json":{"title":"O n\u00e1s - Orchidea n.o.","robots":{"index":"index","follow":"follow","max-snippet":"max-snippet:-1","max-image-preview":"max-image-preview:large","max-video-preview":"max-video-preview:-1"},"canonical":"https:\/\/centrumorchidea.sk\/index.php\/o-nas\/","og_locale":"sk_SK","og_type":"article","og_title":"O n\u00e1s - Orchidea n.o.","og_description":"Sme neziskov\u00e1 organiz\u00e1cia, registrovan\u00e1 Krajsk\u00fdm \u00faradom od 24.3.2003 s poskytovan\u00edm v\u0161eobecne prospe\u0161n\u00fdch slu\u017eieb. Neziskov\u00e1 organiz\u00e1cia Orchidea n. o. vystupuje ako mimovl\u00e1dna, nez\u00e1visl\u00e1 organiz\u00e1cia, sleduj\u00faca v\u0161eobecno-prospe\u0161n\u00e9 ciele v r\u00e1mci zabezpe\u010dovania a poskytovania opatren\u00ed soci\u00e1lnopr\u00e1vnej ochrany det\u00ed a soci\u00e1lnej kurately v zmysle z\u00e1kona 305\/2005 Z.z. o soci\u00e1lnopr\u00e1vnej ochrane det\u00ed a soci\u00e1lnej kuratele a o zmene a doplnen\u00ed niektor\u00fdch z\u00e1konov v znen\u00ed neskor\u0161\u00edch predpisov. Organiz\u00e1cia nevytv\u00e1ra zisk a nie je platcom dane z pridanej hodnoty. Cie\u013eom \u010dinnosti organiz\u00e1cie je i ochrana \u013eudsk\u00fdch pr\u00e1v a slob\u00f4d. Zabezpe\u010dujeme Opatrenia soci\u00e1lnopr\u00e1vnej ochrany det\u00ed a soci\u00e1lnej kurately pobytovou a ambulantnou formou met\u00f3dami odbornej pr\u00e1ce.","og_url":"https:\/\/centrumorchidea.sk\/index.php\/o-nas\/","og_site_name":"Orchidea n.o.","article_modified_time":"2024-05-26T08:03:50+00:00","twitter_card":"summary_large_image","twitter_misc":{"Predpokladan\u00fd \u010das \u010d\u00edtania":"1 min\u00fata"},"schema":{"@context":"https:\/\/schema.org","@graph":[{"@type":"WebPage","@id":"https:\/\/centrumorchidea.sk\/index.php\/o-nas\/","url":"https:\/\/centrumorchidea.sk\/index.php\/o-nas\/","name":"O n\u00e1s - Orchidea n.o.","isPartOf":{"@id":"https:\/\/centrumorchidea.sk\/#website"},"datePublished":"2024-05-21T18:35:04+00:00","dateModified":"2024-05-26T08:03:50+00:00","breadcrumb":{"@id":"https:\/\/centrumorchidea.sk\/index.php\/o-nas\/#breadcrumb"},"inLanguage":"sk-SK","potentialAction":[{"@type":"ReadAction","target":["https:\/\/centrumorchidea.sk\/index.php\/o-nas\/"]}]},{"@type":"BreadcrumbList","@id":"https:\/\/centrumorchidea.sk\/index.php\/o-nas\/#breadcrumb","itemListElement":[{"@type":"ListItem","position":1,"name":"Home","item":"https:\/\/centrumorchidea.sk\/"},{"@type":"ListItem","position":2,"name":"O n\u00e1s"}]},{"@type":"WebSite","@id":"https:\/\/centrumorchidea.sk\/#website","url":"https:\/\/centrumorchidea.sk\/","name":"Orchidea n.o.","description":"NA\u0160IM CIE\u013dOM JE FUNK\u010cN\u00c1 RODINA = SPOKOJN\u00c9 DIE\u0164A  A \u00daSPE\u0160N\u00dd \u010cLOVEK ","potentialAction":[{"@type":"SearchAction","target":{"@type":"EntryPoint","urlTemplate":"https:\/\/centrumorchidea.sk\/?s={search_term_string}"},"query-input":"required name=search_term_string"}],"inLanguage":"sk-SK"}]}},"_links":{"self":[{"href":"https:\/\/centrumorchidea.sk\/index.php\/wp-json\/wp\/v2\/pages\/39"}],"collection":[{"href":"https:\/\/centrumorchidea.sk\/index.php\/wp-json\/wp\/v2\/pages"}],"about":[{"href":"https:\/\/centrumorchidea.sk\/index.php\/wp-json\/wp\/v2\/types\/page"}],"author":[{"embeddable":true,"href":"https:\/\/centrumorchidea.sk\/index.php\/wp-json\/wp\/v2\/users\/1"}],"replies":[{"embeddable":true,"href":"https:\/\/centrumorchidea.sk\/index.php\/wp-json\/wp\/v2\/comments?post=39"}],"version-history":[{"count":5,"href":"https:\/\/centrumorchidea.sk\/index.php\/wp-json\/wp\/v2\/pages\/39\/revisions"}],"predecessor-version":[{"id":580,"href":"https:\/\/centrumorchidea.sk\/index.php\/wp-json\/wp\/v2\/pages\/39\/revisions\/580"}],"wp:attachment":[{"href":"https:\/\/centrumorchidea.sk\/index.php\/wp-json\/wp\/v2\/media?parent=39"}],"curies":[{"name":"wp","href":"https:\/\/api.w.org\/{rel}","templated":true}]}}