{"id":56,"date":"2024-05-21T21:39:23","date_gmt":"2024-05-21T19:39:23","guid":{"rendered":"https:\/\/centrumorchidea.sk\/?page_id=56"},"modified":"2025-12-16T17:13:49","modified_gmt":"2025-12-16T16:13:49","slug":"program-centra","status":"publish","type":"page","link":"https:\/\/centrumorchidea.sk\/index.php\/program-centra\/","title":{"rendered":"Program Centra"},"content":{"rendered":"\n<p><\/p>\n\n\n\n<ul>\n<li><strong>Program Centra pre deti a rodiny Orchidea n.o. &#8211; janu\u00e1r 2024 <\/strong><a href=\"http:\/\/centrumorchidea.sk\/wp-content\/uploads\/2025\/08\/PROGRAM-CENTRA-CB-konecna-verzia-z-9.1.2024-.pdf\"><img loading=\"lazy\" decoding=\"async\" width=\"70\" height=\"69\" class=\"wp-image-80\" style=\"width: 70px;\" src=\"http:\/\/centrumorchidea.sk\/wp-content\/uploads\/2024\/05\/ikona-pdf.png\" alt=\"\" srcset=\"https:\/\/centrumorchidea.sk\/wp-content\/uploads\/2024\/05\/ikona-pdf.png 300w, https:\/\/centrumorchidea.sk\/wp-content\/uploads\/2024\/05\/ikona-pdf-150x150.png 150w\" sizes=\"(max-width: 70px) 100vw, 70px\" \/><\/a><\/li>\n\n\n\n<li><strong>Program Centra pre deti a rodiny Orchidea n.o. &#8211; okt\u00f3ber 2025 <\/strong><a href=\"http:\/\/centrumorchidea.sk\/wp-content\/uploads\/2025\/12\/PROGRAM-CENTRA-10_2025.pdf\"><img loading=\"lazy\" decoding=\"async\" width=\"70\" height=\"69\" class=\"wp-image-80\" style=\"width: 70px;\" src=\"http:\/\/centrumorchidea.sk\/wp-content\/uploads\/2024\/05\/ikona-pdf.png\" alt=\"\" srcset=\"https:\/\/centrumorchidea.sk\/wp-content\/uploads\/2024\/05\/ikona-pdf.png 300w, https:\/\/centrumorchidea.sk\/wp-content\/uploads\/2024\/05\/ikona-pdf-150x150.png 150w\" sizes=\"(max-width: 70px) 100vw, 70px\" \/><\/a><\/li>\n<\/ul>\n","protected":false},"excerpt":{"rendered":"","protected":false},"author":1,"featured_media":0,"parent":0,"menu_order":0,"comment_status":"closed","ping_status":"closed","template":"","meta":{"_monsterinsights_skip_tracking":false,"_monsterinsights_sitenote_active":false,"_monsterinsights_sitenote_note":"","_monsterinsights_sitenote_category":0,"footnotes":""},"yoast_head":"<!-- This site is optimized with the Yoast SEO plugin v22.7 - https:\/\/yoast.com\/wordpress\/plugins\/seo\/ -->\n<title>Program Centra - Orchidea n.o.<\/title>\n<meta name=\"robots\" content=\"index, follow, max-snippet:-1, max-image-preview:large, max-video-preview:-1\" \/>\n<link rel=\"canonical\" href=\"https:\/\/centrumorchidea.sk\/index.php\/program-centra\/\" \/>\n<meta property=\"og:locale\" content=\"sk_SK\" \/>\n<meta property=\"og:type\" content=\"article\" \/>\n<meta property=\"og:title\" content=\"Program Centra - Orchidea n.o.\" \/>\n<meta property=\"og:url\" content=\"https:\/\/centrumorchidea.sk\/index.php\/program-centra\/\" \/>\n<meta property=\"og:site_name\" content=\"Orchidea n.o.\" \/>\n<meta property=\"article:modified_time\" content=\"2025-12-16T16:13:49+00:00\" \/>\n<meta property=\"og:image\" content=\"http:\/\/centrumorchidea.sk\/wp-content\/uploads\/2024\/05\/ikona-pdf.png\" \/>\n<meta name=\"twitter:card\" content=\"summary_large_image\" \/>\n<meta name=\"twitter:label1\" content=\"Predpokladan\u00fd \u010das \u010d\u00edtania\" \/>\n\t<meta name=\"twitter:data1\" content=\"1 min\u00fata\" \/>\n<script type=\"application\/ld+json\" class=\"yoast-schema-graph\">{\"@context\":\"https:\/\/schema.org\",\"@graph\":[{\"@type\":\"WebPage\",\"@id\":\"https:\/\/centrumorchidea.sk\/index.php\/program-centra\/\",\"url\":\"https:\/\/centrumorchidea.sk\/index.php\/program-centra\/\",\"name\":\"Program Centra - Orchidea n.o.\",\"isPartOf\":{\"@id\":\"https:\/\/centrumorchidea.sk\/#website\"},\"primaryImageOfPage\":{\"@id\":\"https:\/\/centrumorchidea.sk\/index.php\/program-centra\/#primaryimage\"},\"image\":{\"@id\":\"https:\/\/centrumorchidea.sk\/index.php\/program-centra\/#primaryimage\"},\"thumbnailUrl\":\"http:\/\/centrumorchidea.sk\/wp-content\/uploads\/2024\/05\/ikona-pdf.png\",\"datePublished\":\"2024-05-21T19:39:23+00:00\",\"dateModified\":\"2025-12-16T16:13:49+00:00\",\"breadcrumb\":{\"@id\":\"https:\/\/centrumorchidea.sk\/index.php\/program-centra\/#breadcrumb\"},\"inLanguage\":\"sk-SK\",\"potentialAction\":[{\"@type\":\"ReadAction\",\"target\":[\"https:\/\/centrumorchidea.sk\/index.php\/program-centra\/\"]}]},{\"@type\":\"ImageObject\",\"inLanguage\":\"sk-SK\",\"@id\":\"https:\/\/centrumorchidea.sk\/index.php\/program-centra\/#primaryimage\",\"url\":\"https:\/\/centrumorchidea.sk\/wp-content\/uploads\/2024\/05\/ikona-pdf.png\",\"contentUrl\":\"https:\/\/centrumorchidea.sk\/wp-content\/uploads\/2024\/05\/ikona-pdf.png\",\"width\":300,\"height\":297},{\"@type\":\"BreadcrumbList\",\"@id\":\"https:\/\/centrumorchidea.sk\/index.php\/program-centra\/#breadcrumb\",\"itemListElement\":[{\"@type\":\"ListItem\",\"position\":1,\"name\":\"Home\",\"item\":\"https:\/\/centrumorchidea.sk\/\"},{\"@type\":\"ListItem\",\"position\":2,\"name\":\"Program Centra\"}]},{\"@type\":\"WebSite\",\"@id\":\"https:\/\/centrumorchidea.sk\/#website\",\"url\":\"https:\/\/centrumorchidea.sk\/\",\"name\":\"Orchidea n.o.\",\"description\":\"NA\u0160IM CIE\u013dOM JE FUNK\u010cN\u00c1 RODINA = SPOKOJN\u00c9 DIE\u0164A  A \u00daSPE\u0160N\u00dd \u010cLOVEK \",\"potentialAction\":[{\"@type\":\"SearchAction\",\"target\":{\"@type\":\"EntryPoint\",\"urlTemplate\":\"https:\/\/centrumorchidea.sk\/?s={search_term_string}\"},\"query-input\":\"required name=search_term_string\"}],\"inLanguage\":\"sk-SK\"}]}<\/script>\n<!-- \/ Yoast SEO plugin. -->","yoast_head_json":{"title":"Program Centra - Orchidea n.o.","robots":{"index":"index","follow":"follow","max-snippet":"max-snippet:-1","max-image-preview":"max-image-preview:large","max-video-preview":"max-video-preview:-1"},"canonical":"https:\/\/centrumorchidea.sk\/index.php\/program-centra\/","og_locale":"sk_SK","og_type":"article","og_title":"Program Centra - Orchidea n.o.","og_url":"https:\/\/centrumorchidea.sk\/index.php\/program-centra\/","og_site_name":"Orchidea n.o.","article_modified_time":"2025-12-16T16:13:49+00:00","og_image":[{"url":"http:\/\/centrumorchidea.sk\/wp-content\/uploads\/2024\/05\/ikona-pdf.png"}],"twitter_card":"summary_large_image","twitter_misc":{"Predpokladan\u00fd \u010das \u010d\u00edtania":"1 min\u00fata"},"schema":{"@context":"https:\/\/schema.org","@graph":[{"@type":"WebPage","@id":"https:\/\/centrumorchidea.sk\/index.php\/program-centra\/","url":"https:\/\/centrumorchidea.sk\/index.php\/program-centra\/","name":"Program Centra - Orchidea n.o.","isPartOf":{"@id":"https:\/\/centrumorchidea.sk\/#website"},"primaryImageOfPage":{"@id":"https:\/\/centrumorchidea.sk\/index.php\/program-centra\/#primaryimage"},"image":{"@id":"https:\/\/centrumorchidea.sk\/index.php\/program-centra\/#primaryimage"},"thumbnailUrl":"http:\/\/centrumorchidea.sk\/wp-content\/uploads\/2024\/05\/ikona-pdf.png","datePublished":"2024-05-21T19:39:23+00:00","dateModified":"2025-12-16T16:13:49+00:00","breadcrumb":{"@id":"https:\/\/centrumorchidea.sk\/index.php\/program-centra\/#breadcrumb"},"inLanguage":"sk-SK","potentialAction":[{"@type":"ReadAction","target":["https:\/\/centrumorchidea.sk\/index.php\/program-centra\/"]}]},{"@type":"ImageObject","inLanguage":"sk-SK","@id":"https:\/\/centrumorchidea.sk\/index.php\/program-centra\/#primaryimage","url":"https:\/\/centrumorchidea.sk\/wp-content\/uploads\/2024\/05\/ikona-pdf.png","contentUrl":"https:\/\/centrumorchidea.sk\/wp-content\/uploads\/2024\/05\/ikona-pdf.png","width":300,"height":297},{"@type":"BreadcrumbList","@id":"https:\/\/centrumorchidea.sk\/index.php\/program-centra\/#breadcrumb","itemListElement":[{"@type":"ListItem","position":1,"name":"Home","item":"https:\/\/centrumorchidea.sk\/"},{"@type":"ListItem","position":2,"name":"Program Centra"}]},{"@type":"WebSite","@id":"https:\/\/centrumorchidea.sk\/#website","url":"https:\/\/centrumorchidea.sk\/","name":"Orchidea n.o.","description":"NA\u0160IM CIE\u013dOM JE FUNK\u010cN\u00c1 RODINA = SPOKOJN\u00c9 DIE\u0164A  A \u00daSPE\u0160N\u00dd \u010cLOVEK ","potentialAction":[{"@type":"SearchAction","target":{"@type":"EntryPoint","urlTemplate":"https:\/\/centrumorchidea.sk\/?s={search_term_string}"},"query-input":"required name=search_term_string"}],"inLanguage":"sk-SK"}]}},"_links":{"self":[{"href":"https:\/\/centrumorchidea.sk\/index.php\/wp-json\/wp\/v2\/pages\/56"}],"collection":[{"href":"https:\/\/centrumorchidea.sk\/index.php\/wp-json\/wp\/v2\/pages"}],"about":[{"href":"https:\/\/centrumorchidea.sk\/index.php\/wp-json\/wp\/v2\/types\/page"}],"author":[{"embeddable":true,"href":"https:\/\/centrumorchidea.sk\/index.php\/wp-json\/wp\/v2\/users\/1"}],"replies":[{"embeddable":true,"href":"https:\/\/centrumorchidea.sk\/index.php\/wp-json\/wp\/v2\/comments?post=56"}],"version-history":[{"count":5,"href":"https:\/\/centrumorchidea.sk\/index.php\/wp-json\/wp\/v2\/pages\/56\/revisions"}],"predecessor-version":[{"id":1410,"href":"https:\/\/centrumorchidea.sk\/index.php\/wp-json\/wp\/v2\/pages\/56\/revisions\/1410"}],"wp:attachment":[{"href":"https:\/\/centrumorchidea.sk\/index.php\/wp-json\/wp\/v2\/media?parent=56"}],"curies":[{"name":"wp","href":"https:\/\/api.w.org\/{rel}","templated":true}]}}