{"id":59,"date":"2024-05-21T22:16:03","date_gmt":"2024-05-21T20:16:03","guid":{"rendered":"https:\/\/centrumorchidea.sk\/?page_id=59"},"modified":"2025-12-20T14:17:30","modified_gmt":"2025-12-20T13:17:30","slug":"odborna-praca-pre-upsvr","status":"publish","type":"page","link":"https:\/\/centrumorchidea.sk\/index.php\/odborna-praca-pre-upsvr\/","title":{"rendered":"Vykon\u00e1van\u00e9 opatrenia T\/A"},"content":{"rendered":"\n<p>Aktualiz\u00e1cia s\u00faboru k 01.12.2025<\/p>\n\n\n\n<figure class=\"wp-block-table\"><table><tbody><tr><td>\u00daPSVR B\u00e1novce nad Bebravou<\/td><td>\u00a7 11 ods. 3 p\u00edsm. b) bod 2<\/td><td>60<\/td><td>55<\/td><\/tr><tr><td>\u00daPSVR B\u00e1novce nad Bebravou<\/td><td>\u00a7 11 ods. 3) p\u00edsm. b) bod 3<\/td><td>150<\/td><td>22<\/td><\/tr><tr><td>\u00daPSVR B\u00e1novce nad Bebravou<\/td><td>\u00a7 11 ods. 3) p\u00edsm. b) bod 4<\/td><td>70<\/td><td>66<\/td><\/tr><tr><td>\u00daPSVR B\u00e1novce nad Bebravou<\/td><td>\u00a7 11 ods. 3) p\u00edsm. d)<\/td><td>20<\/td><td>20<\/td><\/tr><tr><td>\u00daPSVR Partiz\u00e1nske<\/td><td>\u00a711 ods. 2 p\u00edsm. b)<\/td><td>30<\/td><td>30<\/td><\/tr><tr><td>\u00daPSVR Partiz\u00e1nske<\/td><td>\u00a711 ods. 2 p\u00edsm. c)<\/td><td>90<\/td><td>33<\/td><\/tr><tr><td>\u00daPSVR Partiz\u00e1nske<\/td><td>\u00a7 11 ods. 3 p\u00edsm. b) bod 2<\/td><td>30<\/td><td>30<\/td><\/tr><tr><td>\u00daPSVR Partiz\u00e1nske<\/td><td>\u00a7 11 ods. 3) p\u00edsm. b) bod 3<\/td><td>75<\/td><td>36<\/td><\/tr><tr><td>\u00daPSVR Partiz\u00e1nske<\/td><td>\u00a7 11 ods. 3) p\u00edsm. b) bod 4<\/td><td>45<\/td><td>20<\/td><\/tr><tr><td>\u00daPSVR Partiz\u00e1nske<\/td><td>\u00a7 37 ods. 2 p\u00edsm. d)<\/td><td>96<\/td><td>0<\/td><\/tr><tr><td>\u00daPSVR Topo\u013e\u010dany<\/td><td>\u00a7 11 ods. 3) p\u00edsm. b) bod 3<\/td><td>150<\/td><td>7<\/td><\/tr><\/tbody><\/table><\/figure>\n","protected":false},"excerpt":{"rendered":"<p>Aktualiz\u00e1cia s\u00faboru k 01.12.2025 \u00daPSVR B\u00e1novce nad Bebravou \u00a7 11 ods. 3 p\u00edsm. b) bod 2 60 55 \u00daPSVR B\u00e1novce nad Bebravou \u00a7 11 ods. 3) p\u00edsm. b) bod 3 150 22 \u00daPSVR B\u00e1novce nad Bebravou \u00a7 11 ods. 3) p\u00edsm. b) bod 4 70 66 \u00daPSVR B\u00e1novce nad Bebravou \u00a7 11 ods. 3) p\u00edsm. d) 20 20 \u00daPSVR Partiz\u00e1nske \u00a711 ods. 2 p\u00edsm. b) 30 30 \u00daPSVR Partiz\u00e1nske \u00a711 ods. 2 p\u00edsm. c) 90 33 \u00daPSVR Partiz\u00e1nske \u00a7 11 ods. 3 p\u00edsm. b) bod 2 30 30 \u00daPSVR Partiz\u00e1nske \u00a7 11 ods. 3) p\u00edsm. b) bod 3 75 36 \u00daPSVR Partiz\u00e1nske \u00a7 11 ods. 3) p\u00edsm. b) bod 4 45 20 \u00daPSVR Partiz\u00e1nske \u00a7 37 ods. 2 p\u00edsm. d) 96 0 \u00daPSVR Topo\u013e\u010dany \u00a7 11 ods. 3) p\u00edsm. b) bod 3 150 7<\/p>\n","protected":false},"author":1,"featured_media":0,"parent":0,"menu_order":0,"comment_status":"closed","ping_status":"closed","template":"","meta":{"_monsterinsights_skip_tracking":false,"_monsterinsights_sitenote_active":false,"_monsterinsights_sitenote_note":"","_monsterinsights_sitenote_category":0,"footnotes":""},"yoast_head":"<!-- This site is optimized with the Yoast SEO plugin v22.7 - https:\/\/yoast.com\/wordpress\/plugins\/seo\/ -->\n<title>Vykon\u00e1van\u00e9 opatrenia T\/A - Orchidea n.o.<\/title>\n<meta name=\"robots\" content=\"index, follow, max-snippet:-1, max-image-preview:large, max-video-preview:-1\" \/>\n<link rel=\"canonical\" href=\"https:\/\/centrumorchidea.sk\/index.php\/odborna-praca-pre-upsvr\/\" \/>\n<meta property=\"og:locale\" content=\"sk_SK\" \/>\n<meta property=\"og:type\" content=\"article\" \/>\n<meta property=\"og:title\" content=\"Vykon\u00e1van\u00e9 opatrenia T\/A - Orchidea n.o.\" \/>\n<meta property=\"og:description\" content=\"Aktualiz\u00e1cia s\u00faboru k 01.12.2025 \u00daPSVR B\u00e1novce nad Bebravou \u00a7 11 ods. 3 p\u00edsm. b) bod 2 60 55 \u00daPSVR B\u00e1novce nad Bebravou \u00a7 11 ods. 3) p\u00edsm. b) bod 3 150 22 \u00daPSVR B\u00e1novce nad Bebravou \u00a7 11 ods. 3) p\u00edsm. b) bod 4 70 66 \u00daPSVR B\u00e1novce nad Bebravou \u00a7 11 ods. 3) p\u00edsm. d) 20 20 \u00daPSVR Partiz\u00e1nske \u00a711 ods. 2 p\u00edsm. b) 30 30 \u00daPSVR Partiz\u00e1nske \u00a711 ods. 2 p\u00edsm. c) 90 33 \u00daPSVR Partiz\u00e1nske \u00a7 11 ods. 3 p\u00edsm. b) bod 2 30 30 \u00daPSVR Partiz\u00e1nske \u00a7 11 ods. 3) p\u00edsm. b) bod 3 75 36 \u00daPSVR Partiz\u00e1nske \u00a7 11 ods. 3) p\u00edsm. b) bod 4 45 20 \u00daPSVR Partiz\u00e1nske \u00a7 37 ods. 2 p\u00edsm. d) 96 0 \u00daPSVR Topo\u013e\u010dany \u00a7 11 ods. 3) p\u00edsm. b) bod 3 150 7\" \/>\n<meta property=\"og:url\" content=\"https:\/\/centrumorchidea.sk\/index.php\/odborna-praca-pre-upsvr\/\" \/>\n<meta property=\"og:site_name\" content=\"Orchidea n.o.\" \/>\n<meta property=\"article:modified_time\" content=\"2025-12-20T13:17:30+00:00\" \/>\n<meta name=\"twitter:card\" content=\"summary_large_image\" \/>\n<meta name=\"twitter:label1\" content=\"Predpokladan\u00fd \u010das \u010d\u00edtania\" \/>\n\t<meta name=\"twitter:data1\" content=\"1 min\u00fata\" \/>\n<script type=\"application\/ld+json\" class=\"yoast-schema-graph\">{\"@context\":\"https:\/\/schema.org\",\"@graph\":[{\"@type\":\"WebPage\",\"@id\":\"https:\/\/centrumorchidea.sk\/index.php\/odborna-praca-pre-upsvr\/\",\"url\":\"https:\/\/centrumorchidea.sk\/index.php\/odborna-praca-pre-upsvr\/\",\"name\":\"Vykon\u00e1van\u00e9 opatrenia T\/A - Orchidea n.o.\",\"isPartOf\":{\"@id\":\"https:\/\/centrumorchidea.sk\/#website\"},\"datePublished\":\"2024-05-21T20:16:03+00:00\",\"dateModified\":\"2025-12-20T13:17:30+00:00\",\"breadcrumb\":{\"@id\":\"https:\/\/centrumorchidea.sk\/index.php\/odborna-praca-pre-upsvr\/#breadcrumb\"},\"inLanguage\":\"sk-SK\",\"potentialAction\":[{\"@type\":\"ReadAction\",\"target\":[\"https:\/\/centrumorchidea.sk\/index.php\/odborna-praca-pre-upsvr\/\"]}]},{\"@type\":\"BreadcrumbList\",\"@id\":\"https:\/\/centrumorchidea.sk\/index.php\/odborna-praca-pre-upsvr\/#breadcrumb\",\"itemListElement\":[{\"@type\":\"ListItem\",\"position\":1,\"name\":\"Home\",\"item\":\"https:\/\/centrumorchidea.sk\/\"},{\"@type\":\"ListItem\",\"position\":2,\"name\":\"Vykon\u00e1van\u00e9 opatrenia T\/A\"}]},{\"@type\":\"WebSite\",\"@id\":\"https:\/\/centrumorchidea.sk\/#website\",\"url\":\"https:\/\/centrumorchidea.sk\/\",\"name\":\"Orchidea n.o.\",\"description\":\"NA\u0160IM CIE\u013dOM JE FUNK\u010cN\u00c1 RODINA = SPOKOJN\u00c9 DIE\u0164A  A \u00daSPE\u0160N\u00dd \u010cLOVEK \",\"potentialAction\":[{\"@type\":\"SearchAction\",\"target\":{\"@type\":\"EntryPoint\",\"urlTemplate\":\"https:\/\/centrumorchidea.sk\/?s={search_term_string}\"},\"query-input\":\"required name=search_term_string\"}],\"inLanguage\":\"sk-SK\"}]}<\/script>\n<!-- \/ Yoast SEO plugin. -->","yoast_head_json":{"title":"Vykon\u00e1van\u00e9 opatrenia T\/A - Orchidea n.o.","robots":{"index":"index","follow":"follow","max-snippet":"max-snippet:-1","max-image-preview":"max-image-preview:large","max-video-preview":"max-video-preview:-1"},"canonical":"https:\/\/centrumorchidea.sk\/index.php\/odborna-praca-pre-upsvr\/","og_locale":"sk_SK","og_type":"article","og_title":"Vykon\u00e1van\u00e9 opatrenia T\/A - Orchidea n.o.","og_description":"Aktualiz\u00e1cia s\u00faboru k 01.12.2025 \u00daPSVR B\u00e1novce nad Bebravou \u00a7 11 ods. 3 p\u00edsm. b) bod 2 60 55 \u00daPSVR B\u00e1novce nad Bebravou \u00a7 11 ods. 3) p\u00edsm. b) bod 3 150 22 \u00daPSVR B\u00e1novce nad Bebravou \u00a7 11 ods. 3) p\u00edsm. b) bod 4 70 66 \u00daPSVR B\u00e1novce nad Bebravou \u00a7 11 ods. 3) p\u00edsm. d) 20 20 \u00daPSVR Partiz\u00e1nske \u00a711 ods. 2 p\u00edsm. b) 30 30 \u00daPSVR Partiz\u00e1nske \u00a711 ods. 2 p\u00edsm. c) 90 33 \u00daPSVR Partiz\u00e1nske \u00a7 11 ods. 3 p\u00edsm. b) bod 2 30 30 \u00daPSVR Partiz\u00e1nske \u00a7 11 ods. 3) p\u00edsm. b) bod 3 75 36 \u00daPSVR Partiz\u00e1nske \u00a7 11 ods. 3) p\u00edsm. b) bod 4 45 20 \u00daPSVR Partiz\u00e1nske \u00a7 37 ods. 2 p\u00edsm. d) 96 0 \u00daPSVR Topo\u013e\u010dany \u00a7 11 ods. 3) p\u00edsm. b) bod 3 150 7","og_url":"https:\/\/centrumorchidea.sk\/index.php\/odborna-praca-pre-upsvr\/","og_site_name":"Orchidea n.o.","article_modified_time":"2025-12-20T13:17:30+00:00","twitter_card":"summary_large_image","twitter_misc":{"Predpokladan\u00fd \u010das \u010d\u00edtania":"1 min\u00fata"},"schema":{"@context":"https:\/\/schema.org","@graph":[{"@type":"WebPage","@id":"https:\/\/centrumorchidea.sk\/index.php\/odborna-praca-pre-upsvr\/","url":"https:\/\/centrumorchidea.sk\/index.php\/odborna-praca-pre-upsvr\/","name":"Vykon\u00e1van\u00e9 opatrenia T\/A - Orchidea n.o.","isPartOf":{"@id":"https:\/\/centrumorchidea.sk\/#website"},"datePublished":"2024-05-21T20:16:03+00:00","dateModified":"2025-12-20T13:17:30+00:00","breadcrumb":{"@id":"https:\/\/centrumorchidea.sk\/index.php\/odborna-praca-pre-upsvr\/#breadcrumb"},"inLanguage":"sk-SK","potentialAction":[{"@type":"ReadAction","target":["https:\/\/centrumorchidea.sk\/index.php\/odborna-praca-pre-upsvr\/"]}]},{"@type":"BreadcrumbList","@id":"https:\/\/centrumorchidea.sk\/index.php\/odborna-praca-pre-upsvr\/#breadcrumb","itemListElement":[{"@type":"ListItem","position":1,"name":"Home","item":"https:\/\/centrumorchidea.sk\/"},{"@type":"ListItem","position":2,"name":"Vykon\u00e1van\u00e9 opatrenia T\/A"}]},{"@type":"WebSite","@id":"https:\/\/centrumorchidea.sk\/#website","url":"https:\/\/centrumorchidea.sk\/","name":"Orchidea n.o.","description":"NA\u0160IM CIE\u013dOM JE FUNK\u010cN\u00c1 RODINA = SPOKOJN\u00c9 DIE\u0164A  A \u00daSPE\u0160N\u00dd \u010cLOVEK ","potentialAction":[{"@type":"SearchAction","target":{"@type":"EntryPoint","urlTemplate":"https:\/\/centrumorchidea.sk\/?s={search_term_string}"},"query-input":"required name=search_term_string"}],"inLanguage":"sk-SK"}]}},"_links":{"self":[{"href":"https:\/\/centrumorchidea.sk\/index.php\/wp-json\/wp\/v2\/pages\/59"}],"collection":[{"href":"https:\/\/centrumorchidea.sk\/index.php\/wp-json\/wp\/v2\/pages"}],"about":[{"href":"https:\/\/centrumorchidea.sk\/index.php\/wp-json\/wp\/v2\/types\/page"}],"author":[{"embeddable":true,"href":"https:\/\/centrumorchidea.sk\/index.php\/wp-json\/wp\/v2\/users\/1"}],"replies":[{"embeddable":true,"href":"https:\/\/centrumorchidea.sk\/index.php\/wp-json\/wp\/v2\/comments?post=59"}],"version-history":[{"count":6,"href":"https:\/\/centrumorchidea.sk\/index.php\/wp-json\/wp\/v2\/pages\/59\/revisions"}],"predecessor-version":[{"id":1448,"href":"https:\/\/centrumorchidea.sk\/index.php\/wp-json\/wp\/v2\/pages\/59\/revisions\/1448"}],"wp:attachment":[{"href":"https:\/\/centrumorchidea.sk\/index.php\/wp-json\/wp\/v2\/media?parent=59"}],"curies":[{"name":"wp","href":"https:\/\/api.w.org\/{rel}","templated":true}]}}