{"id":608,"date":"2024-05-26T14:49:50","date_gmt":"2024-05-26T12:49:50","guid":{"rendered":"https:\/\/centrumorchidea.sk\/?page_id=608"},"modified":"2024-05-26T17:26:09","modified_gmt":"2024-05-26T15:26:09","slug":"dokumenty","status":"publish","type":"page","link":"https:\/\/centrumorchidea.sk\/index.php\/dokumenty\/","title":{"rendered":"Dokumenty"},"content":{"rendered":"\n<details class=\"wp-block-details is-layout-flow wp-block-details-is-layout-flow\"><summary><strong>Dohovor o pr\u00e1vach die\u0165a\u0165a<\/strong><\/summary>\n<p>Vl\u00e1da Slovenskej republiky uznesen\u00edm \u010d. 24 z 15. janu\u00e1ra 2014 schv\u00e1lila N\u00e1rodn\u00fa strat\u00e9giu na ochranu det\u00ed pred n\u00e1sil\u00edm a zriadenie&nbsp;<strong>N\u00e1rodn\u00e9ho koordina\u010dn\u00e9ho strediska<\/strong>&nbsp;pre rie\u0161enie problematiky n\u00e1silia na de\u0165och ako samostatnej organiza\u010dnej s\u00fa\u010dasti Ministerstva pr\u00e1ce, soci\u00e1lnych vec\u00ed a rodiny SR.<\/p>\n\n\n\n<p>N\u00e1rodn\u00e9 koordina\u010dn\u00e9 stredisko pre rie\u0161enie problematiky n\u00e1silia na de\u0165och pln\u00ed v spolupr\u00e1ci a koordin\u00e1cii s ur\u010den\u00fdmi z\u00e1stupcami rezortov zodpovedn\u00fdch za politiky na ochranu \u017eivota a zdravia det\u00ed \u00falohy n\u00e1rodn\u00e9ho koordina\u010dn\u00e9ho r\u00e1mca pre rie\u0161enie n\u00e1silia p\u00e1chan\u00e9ho na de\u0165och a zabezpe\u010duje \u00falohy koordin\u00e1tora pre vykon\u00e1vanie&nbsp;<strong>Dohovoru o pr\u00e1vach die\u0165a\u0165a<\/strong>.<\/p>\n\n\n\n<h6 class=\"wp-block-heading\"><strong>Dohovor o pr\u00e1vach die\u0165a\u0165a<\/strong><\/h6>\n\n\n\n<p>Dohovor o pr\u00e1vach die\u0165a\u0165a bol prijat\u00fd d\u0148a 20.11. 1989 Valn\u00fdm zhroma\u017eden\u00edm OSN. Tento dokument postupne ratifikovalo 193 kraj\u00edn, v d\u00f4sledku \u010doho sa stal naj\u0161ir\u0161ie prijatou zmluvou o \u013eudsk\u00fdch pr\u00e1vach v hist\u00f3rii. Dohovor o pr\u00e1vach die\u0165a\u0165a je prv\u00fdm pr\u00e1vne z\u00e1v\u00e4zn\u00fdm medzin\u00e1rodn\u00fdm n\u00e1strojom presadzovania pr\u00e1v det\u00ed, pri\u010dom definuje ob\u010dianske, politick\u00e9, ekonomick\u00e9, soci\u00e1lne, zdravotn\u00e9 a kult\u00farne pr\u00e1va det\u00ed.<\/p>\n\n\n\n<p>\u0160t\u00e1ty, ktor\u00e9 ratifikovali Dohovor o&nbsp;pr\u00e1vach die\u0165a\u0165a, sa zaviazali re\u0161pektova\u0165 a&nbsp;zabezpe\u010di\u0165 dodr\u017eiavanie v\u0161etk\u00fdch pr\u00e1v garantovan\u00fdch t\u00fdmto dokumentom.&nbsp;V zmysle \u010dl. 7 ods. 5 \u00dastavy Slovenskej republiky m\u00e1 Dohovor o pr\u00e1vach die\u0165a\u0165a&nbsp;<strong>platnos\u0165 nad in\u00fdmi z\u00e1konmi<\/strong>&nbsp;prijat\u00fdch na \u00faseku \u013eudsk\u00fdch pr\u00e1v a&nbsp;z\u00e1kladn\u00fdch slob\u00f4d.<\/p>\n\n\n\n<ul>\n<li><strong>Dohovor o pr\u00e1vach die\u0165a\u0165a<\/strong>&nbsp;(.PDF) <a href=\"http:\/\/centrumorchidea.sk\/wp-content\/uploads\/2024\/05\/dohovor-o-pravach-dietata.pdf\"><img loading=\"lazy\" decoding=\"async\" width=\"50\" height=\"50\" class=\"wp-image-80\" style=\"width: 50px;\" src=\"http:\/\/centrumorchidea.sk\/wp-content\/uploads\/2024\/05\/ikona-pdf.png\" alt=\"\" srcset=\"https:\/\/centrumorchidea.sk\/wp-content\/uploads\/2024\/05\/ikona-pdf.png 300w, https:\/\/centrumorchidea.sk\/wp-content\/uploads\/2024\/05\/ikona-pdf-150x150.png 150w\" sizes=\"(max-width: 50px) 100vw, 50px\" \/><\/a>&nbsp;<\/li>\n<\/ul>\n\n\n\n<h6 class=\"wp-block-heading\">Op\u010dn\u00e9 protokoly k Dohovoru o pr\u00e1vach die\u0165a\u0165a<\/h6>\n\n\n\n<p>V\u00fdbor OSN pre&nbsp;pr\u00e1va die\u0165a\u0165a vyd\u00e1va v\u0161eobecn\u00e9 koment\u00e1re s&nbsp;cie\u013eom objasni\u0165 normat\u00edvny obsah \u0161pecifick\u00fdch pr\u00e1v ustanoven\u00fdch Dohovorom o&nbsp;pr\u00e1vach die\u0165a\u0165a:<\/p>\n\n\n\n<ul>\n<li>Op\u010dn\u00fd protokol k Dohovoru o pr\u00e1vach die\u0165a\u0165a o \u00fa\u010dasti det\u00ed v ozbrojen\u00fdch konfliktoch (OPAC) (.PDF)<a href=\"http:\/\/centrumorchidea.sk\/wp-content\/uploads\/2024\/05\/opcny-protokol-k-dohovoru-pravach-dietata-ucasti-deti-ozbrojenych-konfliktoch-opac.pdf\"><img loading=\"lazy\" decoding=\"async\" width=\"50\" height=\"50\" class=\"wp-image-80\" style=\"width: 50px;\" src=\"http:\/\/centrumorchidea.sk\/wp-content\/uploads\/2024\/05\/ikona-pdf.png\" alt=\"\" srcset=\"https:\/\/centrumorchidea.sk\/wp-content\/uploads\/2024\/05\/ikona-pdf.png 300w, https:\/\/centrumorchidea.sk\/wp-content\/uploads\/2024\/05\/ikona-pdf-150x150.png 150w\" sizes=\"(max-width: 50px) 100vw, 50px\" \/><\/a><a href=\"http:\/\/centrumorchidea.sk\/wp-content\/uploads\/2024\/05\/opcny-protokol-k-dohovoru-pravach-dietata-ucasti-deti-ozbrojenych-konfliktoch-opac.pdf\"><\/a><\/li>\n\n\n\n<li>Op\u010dn\u00fd protokol k Dohovoru o pr\u00e1vach die\u0165a\u0165a o predaji det\u00ed, detskej prostit\u00facii a detskej pornografii (OPSC) (.PDF)<a href=\"http:\/\/centrumorchidea.sk\/wp-content\/uploads\/2024\/05\/opcny-protokol-k-dohovoru-pravach-dietata-predaji-deti-detskej-prostitucii-detskej-pornografii-opsc.pdf\"><img loading=\"lazy\" decoding=\"async\" width=\"50\" height=\"50\" class=\"wp-image-80\" style=\"width: 50px;\" src=\"http:\/\/centrumorchidea.sk\/wp-content\/uploads\/2024\/05\/ikona-pdf.png\" alt=\"\" srcset=\"https:\/\/centrumorchidea.sk\/wp-content\/uploads\/2024\/05\/ikona-pdf.png 300w, https:\/\/centrumorchidea.sk\/wp-content\/uploads\/2024\/05\/ikona-pdf-150x150.png 150w\" sizes=\"(max-width: 50px) 100vw, 50px\" \/><\/a><a href=\"http:\/\/centrumorchidea.sk\/wp-content\/uploads\/2024\/05\/opcny-protokol-k-dohovoru-pravach-dietata-predaji-deti-detskej-prostitucii-detskej-pornografii-opsc.pdf\"><\/a><\/li>\n\n\n\n<li>Op\u010dn\u00fd protokol k Dohovoru o pr\u00e1vach die\u0165a\u0165a o proced\u00fare ozn\u00e1men\u00ed (OPCP) (.PDF)<a href=\"http:\/\/centrumorchidea.sk\/wp-content\/uploads\/2024\/05\/opcny-protokol-k-dohovoru-pravach-dietata-procedure-oznameni-opcp.pdf\"><img loading=\"lazy\" decoding=\"async\" width=\"50\" height=\"50\" class=\"wp-image-80\" style=\"width: 50px;\" src=\"http:\/\/centrumorchidea.sk\/wp-content\/uploads\/2024\/05\/ikona-pdf.png\" alt=\"\" srcset=\"https:\/\/centrumorchidea.sk\/wp-content\/uploads\/2024\/05\/ikona-pdf.png 300w, https:\/\/centrumorchidea.sk\/wp-content\/uploads\/2024\/05\/ikona-pdf-150x150.png 150w\" sizes=\"(max-width: 50px) 100vw, 50px\" \/><\/a><a href=\"http:\/\/centrumorchidea.sk\/wp-content\/uploads\/2024\/05\/opcny-protokol-k-dohovoru-pravach-dietata-procedure-oznameni-opcp.pdf\"><\/a><\/li>\n\n\n\n<li>V\u0161eobecn\u00fd koment\u00e1r \u010d. 13 k Dohovoru o pr\u00e1vach die\u0165a\u0165a (.PDF)<a href=\"http:\/\/centrumorchidea.sk\/wp-content\/uploads\/2024\/05\/vseobecny-komentar-c-13-ochrana-pred-vsetkymi-formami-nasilia-slovensky-jazyk.pdf\"><img loading=\"lazy\" decoding=\"async\" width=\"50\" height=\"50\" class=\"wp-image-80\" style=\"width: 50px;\" src=\"http:\/\/centrumorchidea.sk\/wp-content\/uploads\/2024\/05\/ikona-pdf.png\" alt=\"\" srcset=\"https:\/\/centrumorchidea.sk\/wp-content\/uploads\/2024\/05\/ikona-pdf.png 300w, https:\/\/centrumorchidea.sk\/wp-content\/uploads\/2024\/05\/ikona-pdf-150x150.png 150w\" sizes=\"(max-width: 50px) 100vw, 50px\" \/><\/a><\/li>\n\n\n\n<li>V\u0161eobecn\u00fd koment\u00e1r \u010d. 8 k Dohovoru o pr\u00e1vach die\u0165a\u0165a (pr\u00e1vo det\u00ed na ochranu pred telesn\u00fdmi trestami) (.PDF)<a href=\"http:\/\/centrumorchidea.sk\/wp-content\/uploads\/2024\/05\/vseobecny-komentar-c-8-pravo-deti-ochranu-pred-telesnymi-trestami-anglicky-jazyk.pdf\"><img loading=\"lazy\" decoding=\"async\" width=\"50\" height=\"50\" class=\"wp-image-80\" style=\"width: 50px;\" src=\"http:\/\/centrumorchidea.sk\/wp-content\/uploads\/2024\/05\/ikona-pdf.png\" alt=\"\" srcset=\"https:\/\/centrumorchidea.sk\/wp-content\/uploads\/2024\/05\/ikona-pdf.png 300w, https:\/\/centrumorchidea.sk\/wp-content\/uploads\/2024\/05\/ikona-pdf-150x150.png 150w\" sizes=\"(max-width: 50px) 100vw, 50px\" \/><\/a><a href=\"http:\/\/centrumorchidea.sk\/wp-content\/uploads\/2024\/05\/vseobecny-komentar-c-8-pravo-deti-ochranu-pred-telesnymi-trestami-anglicky-jazyk.pdf\"><\/a><\/li>\n\n\n\n<li>\u010cl. 12 Dohovoru o pr\u00e1vach die\u0165a\u0165a \u2013 pr\u00e1vo die\u0165a\u0165a by\u0165 vypo\u010dut\u00e9 (.RTF)<a href=\"http:\/\/centrumorchidea.sk\/wp-content\/uploads\/2024\/05\/Vseobecny_komentar_Vyboru_pre_prava_dietata_c._12.rtf\"><img loading=\"lazy\" decoding=\"async\" width=\"50\" height=\"50\" class=\"wp-image-496\" style=\"width: 50px;\" src=\"http:\/\/centrumorchidea.sk\/wp-content\/uploads\/2024\/05\/ikona_rtf.png\" alt=\"\" srcset=\"https:\/\/centrumorchidea.sk\/wp-content\/uploads\/2024\/05\/ikona_rtf.png 256w, https:\/\/centrumorchidea.sk\/wp-content\/uploads\/2024\/05\/ikona_rtf-150x150.png 150w\" sizes=\"(max-width: 50px) 100vw, 50px\" \/><\/a><a href=\"http:\/\/centrumorchidea.sk\/wp-content\/uploads\/2024\/05\/Vseobecny_komentar_Vyboru_pre_prava_dietata_c._12.rtf\"><\/a><\/li>\n<\/ul>\n\n\n\n<h6 class=\"wp-block-heading\"><strong>Dohovor Rady Eur\u00f3py o ochrane det\u00ed pred sexu\u00e1lnym vykoris\u0165ovan\u00edm a sexu\u00e1lnym zneu\u017e\u00edvan\u00edm<\/strong><\/h6>\n\n\n\n<p>D\u0148a 1. marca 2016 Slovensk\u00e1 republika ratifikovala v&nbsp;porad\u00ed ako 40. \u010dlensk\u00e1 krajina Rady Eur\u00f3py<\/p>\n\n\n\n<ul>\n<li>Dohovor Rady Eur\u00f3py o ochrane det\u00ed pred sexu\u00e1lnym vykoris\u0165ovan\u00edm a sexu\u00e1lnym zneu\u017e\u00edvan\u00edm (tzv. Lanzarotsk\u00fd dohovor) (.PDF)<a href=\"http:\/\/centrumorchidea.sk\/wp-content\/uploads\/2024\/05\/lanzaroteconvention_svk.pdf\"><img loading=\"lazy\" decoding=\"async\" width=\"50\" height=\"50\" class=\"wp-image-80\" style=\"width: 50px;\" src=\"http:\/\/centrumorchidea.sk\/wp-content\/uploads\/2024\/05\/ikona-pdf.png\" alt=\"\" srcset=\"https:\/\/centrumorchidea.sk\/wp-content\/uploads\/2024\/05\/ikona-pdf.png 300w, https:\/\/centrumorchidea.sk\/wp-content\/uploads\/2024\/05\/ikona-pdf-150x150.png 150w\" sizes=\"(max-width: 50px) 100vw, 50px\" \/><\/a><\/li>\n<\/ul>\n\n\n\n<h6 class=\"wp-block-heading\"><strong>In\u00e9 pr\u00e1vne predpisy pre oblas\u0165 soci\u00e1lnopr\u00e1vnej ochrany det\u00ed a soci\u00e1lnej kurately<\/strong><\/h6>\n\n\n\n<ul>\n<li>Eur\u00f3pske \u0161tandardy kvality pre pomoc de\u0165om \u017eij\u00facim mimo vlastnej rodiny (.PDF)<a href=\"http:\/\/centrumorchidea.sk\/wp-content\/uploads\/2024\/05\/Q4C-Standards-Slovak.pdf\"><img loading=\"lazy\" decoding=\"async\" width=\"50\" height=\"50\" class=\"wp-image-80\" style=\"width: 50px;\" src=\"http:\/\/centrumorchidea.sk\/wp-content\/uploads\/2024\/05\/ikona-pdf.png\" alt=\"\" srcset=\"https:\/\/centrumorchidea.sk\/wp-content\/uploads\/2024\/05\/ikona-pdf.png 300w, https:\/\/centrumorchidea.sk\/wp-content\/uploads\/2024\/05\/ikona-pdf-150x150.png 150w\" sizes=\"(max-width: 50px) 100vw, 50px\" \/><\/a><\/li>\n<\/ul>\n<\/details>\n\n\n\n<details class=\"wp-block-details is-layout-flow wp-block-details-is-layout-flow\"><summary><strong>In\u00e9 pr\u00e1vne predpisy pre oblas\u0165 soci\u00e1lnopr\u00e1vnej ochrany det\u00ed a soci\u00e1lnej kurately<\/strong><\/summary>\n<h6 class=\"wp-block-heading\"><strong>Eur\u00f3pske \u0161tandardy kvality pre pomoc de\u0165om \u017eij\u00facim mimo vlastnej rodiny<\/strong><\/h6>\n\n\n\n<ul>\n<li>Eur\u00f3pske \u0161tandardy kvality pre pomoc de\u0165om \u017eij\u00facim mimo vlastnej rodiny (.PDF)<a href=\"http:\/\/centrumorchidea.sk\/wp-content\/uploads\/2024\/05\/Q4C-Standards-Slovak.pdf\"><img loading=\"lazy\" decoding=\"async\" width=\"50\" height=\"50\" class=\"wp-image-80\" style=\"width: 50px;\" src=\"http:\/\/centrumorchidea.sk\/wp-content\/uploads\/2024\/05\/ikona-pdf.png\" alt=\"\" srcset=\"https:\/\/centrumorchidea.sk\/wp-content\/uploads\/2024\/05\/ikona-pdf.png 300w, https:\/\/centrumorchidea.sk\/wp-content\/uploads\/2024\/05\/ikona-pdf-150x150.png 150w\" sizes=\"(max-width: 50px) 100vw, 50px\" \/><\/a><\/li>\n<\/ul>\n<\/details>\n\n\n\n<details class=\"wp-block-details is-layout-flow wp-block-details-is-layout-flow\"><summary><strong>Informa\u010dn\u00e1 povinnos\u0165<\/strong><\/summary>\n<h6 class=\"wp-block-heading\"><strong>Informa\u010dn\u00e1 povinnos\u0165<\/strong><\/h6>\n\n\n\n<p>Pod\u013ea \u010dl\u00e1nku 13 Nariadenia <strong>Eur\u00f3pskeho parlamentu a Rady (E\u00da) 2016\/679<\/strong> z 27. apr\u00edla 2016 o ochrane fyzick\u00fdch os\u00f4b pri sprac\u00favan\u00ed osobn\u00fdch \u00fadajov a o vo\u013enom pohybe tak\u00fdchto \u00fadajov (\u010falej len \u201eNariadenie\u201c) a <strong>\u00a7 60 Z\u00e1kona NR SR \u010d. 18\/2018 Z. z.<\/strong> o ochrane osobn\u00fdch \u00fadajov a o zmene a doplnen\u00ed niektor\u00fdch z\u00e1konov <strong>prev\u00e1dzkovate\u013e<\/strong>:<\/p>\n\n\n\n<ul>\n<li>zhroma\u017e\u010fuje, spracov\u00e1va a pou\u017e\u00edva osobn\u00e9 \u00fadaje v s\u00falade s Nariaden\u00edm Eur\u00f3pskeho parlamentu a rady (E\u00da) 2016\/679 z 27.04.2016 o ochrane fyzick\u00fdch os\u00f4b pri sprac\u00favan\u00ed osobn\u00fdch \u00fadajov a o vo\u013enom pohybe tak\u00fdchto \u00fadajov a so z\u00e1konom \u010d. 18\/2018 Z. z. o ochrane osobn\u00fdch \u00fadajov a rob\u00ed v\u0161etko potrebn\u00e9 tak, aby zabezpe\u010dila s\u00falad s t\u00fdmito pr\u00e1vnymi predpismi<\/li>\n\n\n\n<li>bude sprac\u00fava\u0165 osobn\u00e9 \u00fadaje len na ten \u00fa\u010del, na ktor\u00fd boli z\u00edskan\u00e9<\/li>\n\n\n\n<li>vyhlasuje, \u017ee bude sprac\u00fava\u0165 osobn\u00e9 \u00fadaje len v s\u00falade s dobr\u00fdmi mravmi a bude kona\u0165 sp\u00f4sobom, ktor\u00fd neodporuje z\u00e1konu o ochrane osobn\u00fdch \u00fadajov, ani in\u00fdm v\u0161eobecne z\u00e1v\u00e4zn\u00fdm pr\u00e1vnym predpisom a ani nebude tieto predpisy obch\u00e1dza\u0165<\/li>\n\n\n\n<li>po splnen\u00ed \u00fa\u010delu sprac\u00favania osobn\u00fdch \u00fadajov, bez zbyto\u010dn\u00e9ho odkladu zabezpe\u010d\u00ed likvid\u00e1ciu osobn\u00fdch \u00fadajov pokia\u013e to osobitn\u00fd z\u00e1kon nevy\u017eaduje inak<\/li>\n\n\n\n<li>prijal v\u0161etky primeran\u00e9 person\u00e1lne, organiza\u010dn\u00e9 a technick\u00e9 opatrenia za \u00fa\u010delom maxim\u00e1lnej ochrany Va\u0161ich osobn\u00fdch \u00fadajov s cie\u013eom v \u010do najv\u00e4\u010d\u0161ej miere zn\u00ed\u017ei\u0165 riziko ich zneu\u017eitia. <\/li>\n<\/ul>\n\n\n\n<p>V zmysle na\u0161ej povinnosti vypl\u00fdvaj\u00facej z \u010dl\u00e1nku 34 Nariadenia V\u00e1m ako dotknut\u00fdm osob\u00e1m oznamujeme, \u017ee ak nastane situ\u00e1cia, \u017ee ako prev\u00e1dzkovate\u013e poru\u0161\u00edme ochranu Va\u0161ich osobn\u00fdch \u00fadajov sp\u00f4sobom, ktor\u00fd pravdepodobne povedie k vysok\u00e9mu riziku pre pr\u00e1va a slobody fyzick\u00fdch os\u00f4b, bez zbyto\u010dn\u00e9ho odkladu V\u00e1m t\u00fato skuto\u010dnos\u0165 ozn\u00e1mime.<\/p>\n\n\n\n<p>Pr\u00e1vne predpisy a s \u0148ou s\u00favisiace sp\u00f4soby spracov\u00e1vania Va\u0161ich osobn\u00fdch \u00fadajov sa m\u00f4\u017eu meni\u0165. Ak sa tieto z\u00e1sady rozhodneme aktualizova\u0165, umiestnime zmeny na na\u0161ej webstr\u00e1nke a budeme V\u00e1s o t\u00fdchto zmen\u00e1ch informova\u0165. V pr\u00edpadoch, kedy m\u00e1 d\u00f4js\u0165 k z\u00e1sadnej\u0161ej zmene t\u00fdchto z\u00e1sad, alebo v pr\u00edpade, kedy n\u00e1m tak ulo\u017e\u00ed z\u00e1kon, budeme V\u00e1s informova\u0165 vopred. \u017diadame V\u00e1s, aby ste si tieto z\u00e1sady starostlivo pre\u010d\u00edtali a pri \u010fal\u0161ej komunik\u00e1cii s nami, resp. pou\u017e\u00edvan\u00ed na\u0161ej webstr\u00e1nky tieto z\u00e1sady pravidelne kontrolovali.<\/p>\n\n\n\n<p><strong>Prev\u00e1dzkovate\u013e sprac\u00fava osobn\u00e9 \u00fadaje predov\u0161etk\u00fdm v s\u00favislosti s \u00fa\u010delom:<\/strong><\/p>\n\n\n\n<p>a) plnen\u00edm z\u00e1konn\u00fdch povinnost\u00ed pod\u013ea osobitn\u00fdch predpisov,<br>b) plnen\u00edm zml\u00fav alebo v r\u00e1mci predzmluvn\u00fdch vz\u0165ahov na z\u00e1klade \u017eiadosti dotknutej osoby,<br>c) plnen\u00edm \u00faloh realizovan\u00fdch vo verejnom z\u00e1ujme a pri v\u00fdkone verejnej moci v r\u00e1mci origin\u00e1lnych kompetenci\u00ed alebo prenesen\u00e9ho v\u00fdkonu \u0161t\u00e1tnej spr\u00e1vy,<br>d) \u00fa\u010delmi opr\u00e1vnen\u00fdch z\u00e1ujmami zariadenia alebo tretej strany v s\u00falade s GDPR a z\u00e1konom o ochrane osobn\u00fdch \u00fadajov, v s\u00favislosti s monitorovan\u00edm priestorov budov a evidovania vstupov do priestorov \u0161koly za \u00fa\u010delom bezpe\u010dnosti, ochrany majetku, zdravia a odha\u013eovania kriminality, ako opr\u00e1vnen\u00e9ho z\u00e1ujmu prev\u00e1dzkovate\u013ea, ktor\u00fd v\u0161ak nes\u00favis\u00ed a nie je vykon\u00e1van\u00fd v r\u00e1mci origin\u00e1lnych kompetenci\u00ed alebo prenesen\u00e9ho v\u00fdkonu \u0161t\u00e1tnej spr\u00e1vy,<br>e) s\u00fahlasom dotknutej osoby<\/p>\n<\/details>\n\n\n\n<p class=\"has-text-align-right\"><em>Zdroj: UPSVR, NKS<\/em><\/p>\n","protected":false},"excerpt":{"rendered":"<p>Zdroj: UPSVR, NKS<\/p>\n","protected":false},"author":2,"featured_media":0,"parent":0,"menu_order":0,"comment_status":"closed","ping_status":"closed","template":"","meta":{"_monsterinsights_skip_tracking":false,"_monsterinsights_sitenote_active":false,"_monsterinsights_sitenote_note":"","_monsterinsights_sitenote_category":0,"footnotes":""},"yoast_head":"<!-- This site is optimized with the Yoast SEO plugin v22.7 - https:\/\/yoast.com\/wordpress\/plugins\/seo\/ -->\n<title>Dokumenty - Orchidea n.o.<\/title>\n<meta name=\"robots\" content=\"index, follow, max-snippet:-1, max-image-preview:large, max-video-preview:-1\" \/>\n<link rel=\"canonical\" href=\"https:\/\/centrumorchidea.sk\/index.php\/dokumenty\/\" \/>\n<meta property=\"og:locale\" content=\"sk_SK\" \/>\n<meta property=\"og:type\" content=\"article\" \/>\n<meta property=\"og:title\" content=\"Dokumenty - Orchidea n.o.\" \/>\n<meta property=\"og:description\" content=\"Zdroj: UPSVR, NKS\" \/>\n<meta property=\"og:url\" content=\"https:\/\/centrumorchidea.sk\/index.php\/dokumenty\/\" \/>\n<meta property=\"og:site_name\" content=\"Orchidea n.o.\" \/>\n<meta property=\"article:modified_time\" content=\"2024-05-26T15:26:09+00:00\" \/>\n<meta property=\"og:image\" content=\"http:\/\/centrumorchidea.sk\/wp-content\/uploads\/2024\/05\/ikona-pdf.png\" \/>\n<meta name=\"twitter:card\" content=\"summary_large_image\" \/>\n<meta name=\"twitter:label1\" content=\"Predpokladan\u00fd \u010das \u010d\u00edtania\" \/>\n\t<meta name=\"twitter:data1\" content=\"7 min\u00fat\" \/>\n<script type=\"application\/ld+json\" class=\"yoast-schema-graph\">{\"@context\":\"https:\/\/schema.org\",\"@graph\":[{\"@type\":\"WebPage\",\"@id\":\"https:\/\/centrumorchidea.sk\/index.php\/dokumenty\/\",\"url\":\"https:\/\/centrumorchidea.sk\/index.php\/dokumenty\/\",\"name\":\"Dokumenty - Orchidea n.o.\",\"isPartOf\":{\"@id\":\"https:\/\/centrumorchidea.sk\/#website\"},\"primaryImageOfPage\":{\"@id\":\"https:\/\/centrumorchidea.sk\/index.php\/dokumenty\/#primaryimage\"},\"image\":{\"@id\":\"https:\/\/centrumorchidea.sk\/index.php\/dokumenty\/#primaryimage\"},\"thumbnailUrl\":\"http:\/\/centrumorchidea.sk\/wp-content\/uploads\/2024\/05\/ikona-pdf.png\",\"datePublished\":\"2024-05-26T12:49:50+00:00\",\"dateModified\":\"2024-05-26T15:26:09+00:00\",\"breadcrumb\":{\"@id\":\"https:\/\/centrumorchidea.sk\/index.php\/dokumenty\/#breadcrumb\"},\"inLanguage\":\"sk-SK\",\"potentialAction\":[{\"@type\":\"ReadAction\",\"target\":[\"https:\/\/centrumorchidea.sk\/index.php\/dokumenty\/\"]}]},{\"@type\":\"ImageObject\",\"inLanguage\":\"sk-SK\",\"@id\":\"https:\/\/centrumorchidea.sk\/index.php\/dokumenty\/#primaryimage\",\"url\":\"https:\/\/centrumorchidea.sk\/wp-content\/uploads\/2024\/05\/ikona-pdf.png\",\"contentUrl\":\"https:\/\/centrumorchidea.sk\/wp-content\/uploads\/2024\/05\/ikona-pdf.png\",\"width\":300,\"height\":297},{\"@type\":\"BreadcrumbList\",\"@id\":\"https:\/\/centrumorchidea.sk\/index.php\/dokumenty\/#breadcrumb\",\"itemListElement\":[{\"@type\":\"ListItem\",\"position\":1,\"name\":\"Home\",\"item\":\"https:\/\/centrumorchidea.sk\/\"},{\"@type\":\"ListItem\",\"position\":2,\"name\":\"Dokumenty\"}]},{\"@type\":\"WebSite\",\"@id\":\"https:\/\/centrumorchidea.sk\/#website\",\"url\":\"https:\/\/centrumorchidea.sk\/\",\"name\":\"Orchidea n.o.\",\"description\":\"NA\u0160IM CIE\u013dOM JE FUNK\u010cN\u00c1 RODINA = SPOKOJN\u00c9 DIE\u0164A  A \u00daSPE\u0160N\u00dd \u010cLOVEK \",\"potentialAction\":[{\"@type\":\"SearchAction\",\"target\":{\"@type\":\"EntryPoint\",\"urlTemplate\":\"https:\/\/centrumorchidea.sk\/?s={search_term_string}\"},\"query-input\":\"required name=search_term_string\"}],\"inLanguage\":\"sk-SK\"}]}<\/script>\n<!-- \/ Yoast SEO plugin. -->","yoast_head_json":{"title":"Dokumenty - Orchidea n.o.","robots":{"index":"index","follow":"follow","max-snippet":"max-snippet:-1","max-image-preview":"max-image-preview:large","max-video-preview":"max-video-preview:-1"},"canonical":"https:\/\/centrumorchidea.sk\/index.php\/dokumenty\/","og_locale":"sk_SK","og_type":"article","og_title":"Dokumenty - Orchidea n.o.","og_description":"Zdroj: UPSVR, NKS","og_url":"https:\/\/centrumorchidea.sk\/index.php\/dokumenty\/","og_site_name":"Orchidea n.o.","article_modified_time":"2024-05-26T15:26:09+00:00","og_image":[{"url":"http:\/\/centrumorchidea.sk\/wp-content\/uploads\/2024\/05\/ikona-pdf.png"}],"twitter_card":"summary_large_image","twitter_misc":{"Predpokladan\u00fd \u010das \u010d\u00edtania":"7 min\u00fat"},"schema":{"@context":"https:\/\/schema.org","@graph":[{"@type":"WebPage","@id":"https:\/\/centrumorchidea.sk\/index.php\/dokumenty\/","url":"https:\/\/centrumorchidea.sk\/index.php\/dokumenty\/","name":"Dokumenty - Orchidea n.o.","isPartOf":{"@id":"https:\/\/centrumorchidea.sk\/#website"},"primaryImageOfPage":{"@id":"https:\/\/centrumorchidea.sk\/index.php\/dokumenty\/#primaryimage"},"image":{"@id":"https:\/\/centrumorchidea.sk\/index.php\/dokumenty\/#primaryimage"},"thumbnailUrl":"http:\/\/centrumorchidea.sk\/wp-content\/uploads\/2024\/05\/ikona-pdf.png","datePublished":"2024-05-26T12:49:50+00:00","dateModified":"2024-05-26T15:26:09+00:00","breadcrumb":{"@id":"https:\/\/centrumorchidea.sk\/index.php\/dokumenty\/#breadcrumb"},"inLanguage":"sk-SK","potentialAction":[{"@type":"ReadAction","target":["https:\/\/centrumorchidea.sk\/index.php\/dokumenty\/"]}]},{"@type":"ImageObject","inLanguage":"sk-SK","@id":"https:\/\/centrumorchidea.sk\/index.php\/dokumenty\/#primaryimage","url":"https:\/\/centrumorchidea.sk\/wp-content\/uploads\/2024\/05\/ikona-pdf.png","contentUrl":"https:\/\/centrumorchidea.sk\/wp-content\/uploads\/2024\/05\/ikona-pdf.png","width":300,"height":297},{"@type":"BreadcrumbList","@id":"https:\/\/centrumorchidea.sk\/index.php\/dokumenty\/#breadcrumb","itemListElement":[{"@type":"ListItem","position":1,"name":"Home","item":"https:\/\/centrumorchidea.sk\/"},{"@type":"ListItem","position":2,"name":"Dokumenty"}]},{"@type":"WebSite","@id":"https:\/\/centrumorchidea.sk\/#website","url":"https:\/\/centrumorchidea.sk\/","name":"Orchidea n.o.","description":"NA\u0160IM CIE\u013dOM JE FUNK\u010cN\u00c1 RODINA = SPOKOJN\u00c9 DIE\u0164A  A \u00daSPE\u0160N\u00dd \u010cLOVEK ","potentialAction":[{"@type":"SearchAction","target":{"@type":"EntryPoint","urlTemplate":"https:\/\/centrumorchidea.sk\/?s={search_term_string}"},"query-input":"required name=search_term_string"}],"inLanguage":"sk-SK"}]}},"_links":{"self":[{"href":"https:\/\/centrumorchidea.sk\/index.php\/wp-json\/wp\/v2\/pages\/608"}],"collection":[{"href":"https:\/\/centrumorchidea.sk\/index.php\/wp-json\/wp\/v2\/pages"}],"about":[{"href":"https:\/\/centrumorchidea.sk\/index.php\/wp-json\/wp\/v2\/types\/page"}],"author":[{"embeddable":true,"href":"https:\/\/centrumorchidea.sk\/index.php\/wp-json\/wp\/v2\/users\/2"}],"replies":[{"embeddable":true,"href":"https:\/\/centrumorchidea.sk\/index.php\/wp-json\/wp\/v2\/comments?post=608"}],"version-history":[{"count":6,"href":"https:\/\/centrumorchidea.sk\/index.php\/wp-json\/wp\/v2\/pages\/608\/revisions"}],"predecessor-version":[{"id":652,"href":"https:\/\/centrumorchidea.sk\/index.php\/wp-json\/wp\/v2\/pages\/608\/revisions\/652"}],"wp:attachment":[{"href":"https:\/\/centrumorchidea.sk\/index.php\/wp-json\/wp\/v2\/media?parent=608"}],"curies":[{"name":"wp","href":"https:\/\/api.w.org\/{rel}","templated":true}]}}